{"id":635,"date":"2019-03-07T11:07:36","date_gmt":"2019-03-07T11:07:36","guid":{"rendered":"https:\/\/heimatlodge.ch\/?page_id=635"},"modified":"2022-07-22T14:47:39","modified_gmt":"2022-07-22T14:47:39","slug":"wissenswerte","status":"publish","type":"page","link":"https:\/\/heimatlodge.ch\/de\/wissenswerte\/","title":{"rendered":"Anreise"},"content":{"rendered":"\t\t<div data-elementor-type=\"wp-post\" data-elementor-id=\"635\" class=\"elementor elementor-635\" data-elementor-post-type=\"page\">\n\t\t\t\t\t\t<section class=\"elementor-section elementor-top-section elementor-element elementor-element-5f9fbe3e elementor-section-boxed elementor-section-height-default elementor-section-height-default\" data-id=\"5f9fbe3e\" data-element_type=\"section\">\n\t\t\t\t\t\t<div class=\"elementor-container elementor-column-gap-default\">\n\t\t\t\t\t<div class=\"elementor-column elementor-col-100 elementor-top-column elementor-element elementor-element-70eadc2c\" data-id=\"70eadc2c\" data-element_type=\"column\">\n\t\t\t<div class=\"elementor-widget-wrap elementor-element-populated\">\n\t\t\t\t\t\t<div class=\"elementor-element elementor-element-4448898d elementor-widget elementor-widget-heading\" data-id=\"4448898d\" data-element_type=\"widget\" data-widget_type=\"heading.default\">\n\t\t\t\t<div class=\"elementor-widget-container\">\n\t\t\t\t\t<h1 class=\"elementor-heading-title elementor-size-default\">Anreise zur Heimatlodge<\/h1>\t\t\t\t<\/div>\n\t\t\t\t<\/div>\n\t\t\t\t<div class=\"elementor-element elementor-element-1951d170 elementor-widget elementor-widget-text-editor\" data-id=\"1951d170\" data-element_type=\"widget\" data-widget_type=\"text-editor.default\">\n\t\t\t\t<div class=\"elementor-widget-container\">\n\t\t\t\t\t\t\t\t\t<p>Die Heimatlodge befindet sich in <a href=\"https:\/\/de.wikipedia.org\/wiki\/St._Niklaus_VS\" target=\"_blank\" rel=\"noopener\">St. Niklaus<\/a> im Mattertal. Nur wenige Reiseminuten nach <a href=\"https:\/\/www.zermatt.ch\/\" target=\"_blank\" rel=\"noopener\">Zermatt<\/a> oder <a href=\"https:\/\/www.graechen.ch\/\" target=\"_blank\" rel=\"noopener\">Gr\u00e4chen<\/a>.&nbsp;<\/p>\n<p><strong>Anreise mit dem Auto<\/strong><\/p>\n<p>Von Visp aus fahren Sie Richtung Zermatt. Nach ca. 15 Minuten erreichen Sie einen Kreisel beim Ortseingang St. Niklaus. Biegen Sie hier rechts ab Richtung Dorfzentrum\/Bahnhof. Bei der Garage Touring folgen Sie der Strasse rechts Richtung Bahnhof. Das Fahrzeug k\u00f6nnen Sie im Parkhaus oder auf dessen Aussenpl\u00e4tzen parkieren. Das Hotel Heimatlodge befindet sich in zentraler Lage beim Dorfplatz (1 Minute zu Fuss vom Parkhaus).<a href=\"https:\/\/www.capanna.ag\/betriebe\/bistro-des-alpes\" target=\"_blank\" rel=\"noopener\">&nbsp;<\/a><\/p>\n<p><strong>Anreise mit dem Zug<\/strong><\/p>\n<p>Von den gr\u00f6sseren St\u00e4dten wie Basel, Genf, Z\u00fcrich oder Bern nehmen Sie den Zug bis nach Visp, dort m\u00fcssen Sie umsteigen auf die Matterhorn Gotthard Bahn. In St. Niklaus angekommen, laufen Sie die Dorfstrasse hinunter bis Sie zum Dorfplatz gelangen.&nbsp;<\/p>\t\t\t\t\t\t\t\t<\/div>\n\t\t\t\t<\/div>\n\t\t\t\t<div class=\"elementor-element elementor-element-39e54b9 elementor-widget elementor-widget-google_maps\" data-id=\"39e54b9\" data-element_type=\"widget\" data-widget_type=\"google_maps.default\">\n\t\t\t\t<div class=\"elementor-widget-container\">\n\t\t\t\t\t\t\t<div class=\"elementor-custom-embed\">\n\t\t\t<iframe loading=\"lazy\"\n\t\t\t\t\tsrc=\"https:\/\/maps.google.com\/maps?q=dorfstrasse%2024%2C%20st.%20niklaus&#038;t=m&#038;z=10&#038;output=embed&#038;iwloc=near\"\n\t\t\t\t\ttitle=\"dorfstrasse 24, st. niklaus\"\n\t\t\t\t\taria-label=\"dorfstrasse 24, st. niklaus\"\n\t\t\t><\/iframe>\n\t\t<\/div>\n\t\t\t\t\t\t<\/div>\n\t\t\t\t<\/div>\n\t\t\t\t\t<\/div>\n\t\t<\/div>\n\t\t\t\t\t<\/div>\n\t\t<\/section>\n\t\t\t\t<\/div>\n\t\t","protected":false},"excerpt":{"rendered":"<p>Anreise zur Heimatlodge Die Heimatlodge befindet sich in St. Niklaus im Mattertal. Nur wenige Reiseminuten nach Zermatt oder Gr\u00e4chen.&nbsp; Anreise mit dem Auto Von Visp aus fahren Sie Richtung Zermatt. Nach ca. 15 Minuten erreichen Sie einen Kreisel beim Ortseingang St. Niklaus. Biegen Sie hier rechts ab Richtung Dorfzentrum\/Bahnhof. Bei der Garage Touring folgen Sie [&hellip;]<\/p>\n","protected":false},"author":1,"featured_media":0,"parent":0,"menu_order":0,"comment_status":"closed","ping_status":"closed","template":"elementor_header_footer","meta":{"footnotes":""},"class_list":["post-635","page","type-page","status-publish","hentry"],"yoast_head":"<!-- This site is optimized with the Yoast SEO plugin v26.4 - https:\/\/yoast.com\/wordpress\/plugins\/seo\/ -->\n<title>Anreise - Hotel St. Niklaus<\/title>\n<meta name=\"robots\" content=\"index, follow, max-snippet:-1, max-image-preview:large, max-video-preview:-1\" \/>\n<link rel=\"canonical\" href=\"https:\/\/heimatlodge.ch\/de\/wissenswerte\/\" \/>\n<meta property=\"og:locale\" content=\"de_DE\" \/>\n<meta property=\"og:type\" content=\"article\" \/>\n<meta property=\"og:title\" content=\"Anreise - Hotel St. Niklaus\" \/>\n<meta property=\"og:description\" content=\"Anreise zur Heimatlodge Die Heimatlodge befindet sich in St. Niklaus im Mattertal. Nur wenige Reiseminuten nach Zermatt oder Gr\u00e4chen.&nbsp; Anreise mit dem Auto Von Visp aus fahren Sie Richtung Zermatt. Nach ca. 15 Minuten erreichen Sie einen Kreisel beim Ortseingang St. Niklaus. Biegen Sie hier rechts ab Richtung Dorfzentrum\/Bahnhof. Bei der Garage Touring folgen Sie [&hellip;]\" \/>\n<meta property=\"og:url\" content=\"https:\/\/heimatlodge.ch\/de\/wissenswerte\/\" \/>\n<meta property=\"og:site_name\" content=\"Hotel St. Niklaus\" \/>\n<meta property=\"article:modified_time\" content=\"2022-07-22T14:47:39+00:00\" \/>\n<meta name=\"twitter:card\" content=\"summary_large_image\" \/>\n<meta name=\"twitter:label1\" content=\"Gesch\u00e4tzte Lesezeit\" \/>\n\t<meta name=\"twitter:data1\" content=\"1\u00a0Minute\" \/>\n<script type=\"application\/ld+json\" class=\"yoast-schema-graph\">{\"@context\":\"https:\/\/schema.org\",\"@graph\":[{\"@type\":\"WebPage\",\"@id\":\"https:\/\/heimatlodge.ch\/de\/wissenswerte\/\",\"url\":\"https:\/\/heimatlodge.ch\/de\/wissenswerte\/\",\"name\":\"Anreise - Hotel St. Niklaus\",\"isPartOf\":{\"@id\":\"https:\/\/heimatlodge.ch\/de\/#website\"},\"datePublished\":\"2019-03-07T11:07:36+00:00\",\"dateModified\":\"2022-07-22T14:47:39+00:00\",\"breadcrumb\":{\"@id\":\"https:\/\/heimatlodge.ch\/de\/wissenswerte\/#breadcrumb\"},\"inLanguage\":\"de\",\"potentialAction\":[{\"@type\":\"ReadAction\",\"target\":[\"https:\/\/heimatlodge.ch\/de\/wissenswerte\/\"]}]},{\"@type\":\"BreadcrumbList\",\"@id\":\"https:\/\/heimatlodge.ch\/de\/wissenswerte\/#breadcrumb\",\"itemListElement\":[{\"@type\":\"ListItem\",\"position\":1,\"name\":\"Startseite\",\"item\":\"https:\/\/heimatlodge.ch\/de\/\"},{\"@type\":\"ListItem\",\"position\":2,\"name\":\"Anreise\"}]},{\"@type\":\"WebSite\",\"@id\":\"https:\/\/heimatlodge.ch\/de\/#website\",\"url\":\"https:\/\/heimatlodge.ch\/de\/\",\"name\":\"Hotel St. Niklaus\",\"description\":\"Heimatlodge\",\"publisher\":{\"@id\":\"https:\/\/heimatlodge.ch\/de\/#organization\"},\"potentialAction\":[{\"@type\":\"SearchAction\",\"target\":{\"@type\":\"EntryPoint\",\"urlTemplate\":\"https:\/\/heimatlodge.ch\/de\/?s={search_term_string}\"},\"query-input\":{\"@type\":\"PropertyValueSpecification\",\"valueRequired\":true,\"valueName\":\"search_term_string\"}}],\"inLanguage\":\"de\"},{\"@type\":\"Organization\",\"@id\":\"https:\/\/heimatlodge.ch\/de\/#organization\",\"name\":\"Hotel St. Niklaus\",\"url\":\"https:\/\/heimatlodge.ch\/de\/\",\"logo\":{\"@type\":\"ImageObject\",\"inLanguage\":\"de\",\"@id\":\"https:\/\/heimatlodge.ch\/de\/#\/schema\/logo\/image\/\",\"url\":\"https:\/\/heimatlodge.ch\/wp-content\/uploads\/2022\/07\/cropped-schaller_group_CAPANNA_AG-v2.png\",\"contentUrl\":\"https:\/\/heimatlodge.ch\/wp-content\/uploads\/2022\/07\/cropped-schaller_group_CAPANNA_AG-v2.png\",\"width\":2667,\"height\":1500,\"caption\":\"Hotel St. Niklaus\"},\"image\":{\"@id\":\"https:\/\/heimatlodge.ch\/de\/#\/schema\/logo\/image\/\"}}]}<\/script>\n<!-- \/ Yoast SEO plugin. -->","yoast_head_json":{"title":"Anreise - Hotel St. Niklaus","robots":{"index":"index","follow":"follow","max-snippet":"max-snippet:-1","max-image-preview":"max-image-preview:large","max-video-preview":"max-video-preview:-1"},"canonical":"https:\/\/heimatlodge.ch\/de\/wissenswerte\/","og_locale":"de_DE","og_type":"article","og_title":"Anreise - Hotel St. Niklaus","og_description":"Anreise zur Heimatlodge Die Heimatlodge befindet sich in St. Niklaus im Mattertal. Nur wenige Reiseminuten nach Zermatt oder Gr\u00e4chen.&nbsp; Anreise mit dem Auto Von Visp aus fahren Sie Richtung Zermatt. Nach ca. 15 Minuten erreichen Sie einen Kreisel beim Ortseingang St. Niklaus. Biegen Sie hier rechts ab Richtung Dorfzentrum\/Bahnhof. Bei der Garage Touring folgen Sie [&hellip;]","og_url":"https:\/\/heimatlodge.ch\/de\/wissenswerte\/","og_site_name":"Hotel St. Niklaus","article_modified_time":"2022-07-22T14:47:39+00:00","twitter_card":"summary_large_image","twitter_misc":{"Gesch\u00e4tzte Lesezeit":"1\u00a0Minute"},"schema":{"@context":"https:\/\/schema.org","@graph":[{"@type":"WebPage","@id":"https:\/\/heimatlodge.ch\/de\/wissenswerte\/","url":"https:\/\/heimatlodge.ch\/de\/wissenswerte\/","name":"Anreise - Hotel St. Niklaus","isPartOf":{"@id":"https:\/\/heimatlodge.ch\/de\/#website"},"datePublished":"2019-03-07T11:07:36+00:00","dateModified":"2022-07-22T14:47:39+00:00","breadcrumb":{"@id":"https:\/\/heimatlodge.ch\/de\/wissenswerte\/#breadcrumb"},"inLanguage":"de","potentialAction":[{"@type":"ReadAction","target":["https:\/\/heimatlodge.ch\/de\/wissenswerte\/"]}]},{"@type":"BreadcrumbList","@id":"https:\/\/heimatlodge.ch\/de\/wissenswerte\/#breadcrumb","itemListElement":[{"@type":"ListItem","position":1,"name":"Startseite","item":"https:\/\/heimatlodge.ch\/de\/"},{"@type":"ListItem","position":2,"name":"Anreise"}]},{"@type":"WebSite","@id":"https:\/\/heimatlodge.ch\/de\/#website","url":"https:\/\/heimatlodge.ch\/de\/","name":"Hotel St. Niklaus","description":"Heimatlodge","publisher":{"@id":"https:\/\/heimatlodge.ch\/de\/#organization"},"potentialAction":[{"@type":"SearchAction","target":{"@type":"EntryPoint","urlTemplate":"https:\/\/heimatlodge.ch\/de\/?s={search_term_string}"},"query-input":{"@type":"PropertyValueSpecification","valueRequired":true,"valueName":"search_term_string"}}],"inLanguage":"de"},{"@type":"Organization","@id":"https:\/\/heimatlodge.ch\/de\/#organization","name":"Hotel St. Niklaus","url":"https:\/\/heimatlodge.ch\/de\/","logo":{"@type":"ImageObject","inLanguage":"de","@id":"https:\/\/heimatlodge.ch\/de\/#\/schema\/logo\/image\/","url":"https:\/\/heimatlodge.ch\/wp-content\/uploads\/2022\/07\/cropped-schaller_group_CAPANNA_AG-v2.png","contentUrl":"https:\/\/heimatlodge.ch\/wp-content\/uploads\/2022\/07\/cropped-schaller_group_CAPANNA_AG-v2.png","width":2667,"height":1500,"caption":"Hotel St. Niklaus"},"image":{"@id":"https:\/\/heimatlodge.ch\/de\/#\/schema\/logo\/image\/"}}]}},"jetpack_sharing_enabled":true,"_links":{"self":[{"href":"https:\/\/heimatlodge.ch\/de\/wp-json\/wp\/v2\/pages\/635","targetHints":{"allow":["GET"]}}],"collection":[{"href":"https:\/\/heimatlodge.ch\/de\/wp-json\/wp\/v2\/pages"}],"about":[{"href":"https:\/\/heimatlodge.ch\/de\/wp-json\/wp\/v2\/types\/page"}],"author":[{"embeddable":true,"href":"https:\/\/heimatlodge.ch\/de\/wp-json\/wp\/v2\/users\/1"}],"replies":[{"embeddable":true,"href":"https:\/\/heimatlodge.ch\/de\/wp-json\/wp\/v2\/comments?post=635"}],"version-history":[{"count":44,"href":"https:\/\/heimatlodge.ch\/de\/wp-json\/wp\/v2\/pages\/635\/revisions"}],"predecessor-version":[{"id":1971,"href":"https:\/\/heimatlodge.ch\/de\/wp-json\/wp\/v2\/pages\/635\/revisions\/1971"}],"wp:attachment":[{"href":"https:\/\/heimatlodge.ch\/de\/wp-json\/wp\/v2\/media?parent=635"}],"curies":[{"name":"wp","href":"https:\/\/api.w.org\/{rel}","templated":true}]}}